{"id":1090,"date":"2023-01-18T20:02:48","date_gmt":"2023-01-18T20:02:48","guid":{"rendered":"https:\/\/www.gfag.net\/incasa-immobilien\/"},"modified":"2025-11-07T22:33:45","modified_gmt":"2025-11-07T22:33:45","slug":"incasa-immobilien","status":"publish","type":"page","link":"https:\/\/www.gfag.net\/en\/incasa-immobilien\/","title":{"rendered":"Incasa Immobilien"},"content":{"rendered":"<div  class='flex_column av-6mr1r-42fd3dafbbb9b2b0ada951d1dff81a80 av_one_full  avia-builder-el-0  el_before_av_two_third  avia-builder-el-first  first flex_column_div  '     ><section  class='av_textblock_section av-l2r6av7k-7d48a7f0bc21d16a964c1850a92ccb3a '   itemscope=\"itemscope\" itemtype=\"https:\/\/schema.org\/CreativeWork\" ><div class='avia_textblock'  itemprop=\"text\" ><h1>Incasa Immobilien AG<\/h1>\n<\/div><\/section><\/div><div  class='flex_column av-dd6ny-44eee62c209c8ff688de272c5809b948 av_two_third  avia-builder-el-2  el_after_av_one_full  el_before_av_one_third  first flex_column_div  column-top-margin'     ><section  class='av_textblock_section av-l1nltirg-bd6b9b95cc2966d530e1d7471098cb78 '   itemscope=\"itemscope\" itemtype=\"https:\/\/schema.org\/CreativeWork\" ><div class='avia_textblock'  itemprop=\"text\" ><p>Die Incasa Immobilien AG wurde per 16.05.2022 mit der intertreuhand.gfag fusioniert<\/p>\n<p>Wir decken die gesamte Palette von Dienstleistungen rund um Ihre Immobilien ab. Ebenfalls haben wir immer interessante Miet- oder Kaufobjekte im Angebot.<\/p>\n<\/div><\/section><\/div><\/p>\n<div  class='flex_column av-8cudq-03d4b1b2255dc9960fdbf8898d6aaaec av_one_third  avia-builder-el-4  el_after_av_two_third  el_before_av_two_third  flex_column_div  column-top-margin'     ><section  class='av_textblock_section av-l1nmbyo6-ebd88742c1d14cb5034c84d2bd28350a '   itemscope=\"itemscope\" itemtype=\"https:\/\/schema.org\/CreativeWork\" ><div class='avia_textblock'  itemprop=\"text\" ><h2>Ihr Ansprechpartner<\/h2>\n<\/div><\/section><\/div><div  class='flex_column av-1s7vb-5b3d554aca0e2938e7f16adcbcf9470a av_two_third  avia-builder-el-6  el_after_av_one_third  el_before_av_one_third  first flex_column_div  column-top-margin'     ><div  class='av_promobox av-l1nne17d-243a76c5b7a2d05a041438dc37a0263a avia-button-no  avia-builder-el-7  avia-builder-el-no-sibling '><div class='avia-promocontent'><\/p>\n<h2 class=\"ftitle\">Verkehrswertschatzung<\/h2>\n<p>Wir erstellen f\u00fcr Sie eine umfassende pr\u00e4zise Verkehrswertschatzung, in welcher wir alle m\u00f6glichen Einflussfaktoren ber\u00fccksichtigen.<\/p>\n<h2 class=\"ftitle\">Verkauf<\/h2>\n<p>Bei der Vermittlung Ihrer Immobilien setzen wir auf Innovation und Leidenschaft.<\/p>\n<h2 class=\"ftitle\">Bewirtschaftung \/ Verwaltung<\/h2>\n<p>Bei der Bewirtschaftung von Mietobjekten, Mit- und Stockwerkeigentum stehen bei uns Effizienz und Professionalit\u00e4t im Vordergrund.<\/p>\n<h2 class=\"ftitle\">Beratung<\/h2>\n<p>Im Weiteren beraten und unterst\u00fctzen wir Sie bei der \u00dcberpr\u00fcfung der Mietzinsen, erstellen oder kontrollieren Heiz- und Nebenkostenabrechnungen oder \u00fcbernehmen f\u00fcr Sie Wohnungsabnahmen.<\/p>\n<\/div><\/div><\/div><div  class='flex_column av-8z8pr-d20f273abb09564e03f22d3eb2a3864d av_one_third  avia-builder-el-8  el_after_av_two_third  avia-builder-el-last  flex_column_div  column-top-margin'     ><div  class='av_promobox av-l2qj53gf-1d573ca7bbb037fa3c20221b1f1903c3 avia-button-no  avia-builder-el-9  avia-builder-el-no-sibling '><div class='avia-promocontent'><p>\n<img loading=\"lazy\" decoding=\"async\" class=\"alignnone size-medium wp-image-26\" src=\"https:\/\/www.gfag.net\/wp-content\/uploads\/2022\/04\/Gemetti_Mario-200x300.jpg\" alt=\"\" width=\"200\" height=\"300\" srcset=\"https:\/\/www.gfag.net\/wp-content\/uploads\/2022\/04\/Gemetti_Mario-200x300.jpg 200w, https:\/\/www.gfag.net\/wp-content\/uploads\/2022\/04\/Gemetti_Mario-470x705.jpg 470w, https:\/\/www.gfag.net\/wp-content\/uploads\/2022\/04\/Gemetti_Mario.jpg 567w\" sizes=\"auto, (max-width: 200px) 100vw, 200px\" \/><\/p>\n<p>Mario Gemetti<br \/>\nImmobilien<br \/>\nDipl. Bauprojekt- &amp;<br \/>\nImmobilienmanager NDS HF<br \/>\n+41 33 826 15 08<br \/>\n<a href=\"mailto:mario.gemetti@intertreuhand.ch\">E-Mail<\/a><\/p>\n<\/div><\/div><\/div><\/p>\n","protected":false},"excerpt":{"rendered":"","protected":false},"author":1,"featured_media":0,"parent":0,"menu_order":0,"comment_status":"closed","ping_status":"closed","template":"","meta":{"footnotes":""},"class_list":["post-1090","page","type-page","status-publish","hentry"],"_links":{"self":[{"href":"https:\/\/www.gfag.net\/en\/wp-json\/wp\/v2\/pages\/1090","targetHints":{"allow":["GET"]}}],"collection":[{"href":"https:\/\/www.gfag.net\/en\/wp-json\/wp\/v2\/pages"}],"about":[{"href":"https:\/\/www.gfag.net\/en\/wp-json\/wp\/v2\/types\/page"}],"author":[{"embeddable":true,"href":"https:\/\/www.gfag.net\/en\/wp-json\/wp\/v2\/users\/1"}],"replies":[{"embeddable":true,"href":"https:\/\/www.gfag.net\/en\/wp-json\/wp\/v2\/comments?post=1090"}],"version-history":[{"count":1,"href":"https:\/\/www.gfag.net\/en\/wp-json\/wp\/v2\/pages\/1090\/revisions"}],"predecessor-version":[{"id":1440,"href":"https:\/\/www.gfag.net\/en\/wp-json\/wp\/v2\/pages\/1090\/revisions\/1440"}],"wp:attachment":[{"href":"https:\/\/www.gfag.net\/en\/wp-json\/wp\/v2\/media?parent=1090"}],"curies":[{"name":"wp","href":"https:\/\/api.w.org\/{rel}","templated":true}]}}